{"id":1838,"date":"2026-03-03T11:16:30","date_gmt":"2026-03-03T11:16:30","guid":{"rendered":"https:\/\/sanantonio.eus\/?page_id=1838"},"modified":"2026-03-03T11:20:15","modified_gmt":"2026-03-03T11:20:15","slug":"canal-etico","status":"publish","type":"page","link":"https:\/\/sanantonio.eus\/es\/canal-etico\/","title":{"rendered":"Canal \u00e9tico"},"content":{"rendered":"\t\t<div data-elementor-type=\"wp-page\" data-elementor-id=\"1838\" class=\"elementor elementor-1838\" data-elementor-post-type=\"page\">\n\t\t\t\t<div class=\"elementor-element elementor-element-eaba3d2 e-con-full e-flex e-con e-parent\" data-id=\"eaba3d2\" data-element_type=\"container\" data-e-type=\"container\" data-settings=\"{&quot;background_background&quot;:&quot;classic&quot;}\">\n\t\t<div class=\"elementor-element elementor-element-09f3a58 e-flex e-con-boxed e-con e-child\" data-id=\"09f3a58\" data-element_type=\"container\" data-e-type=\"container\">\n\t\t\t\t\t<div class=\"e-con-inner\">\n\t\t\t\t\t<\/div>\n\t\t\t\t<\/div>\n\t\t\t\t<\/div>\n\t\t<div class=\"elementor-element elementor-element-341a58d e-flex e-con-boxed e-con e-parent\" data-id=\"341a58d\" data-element_type=\"container\" data-e-type=\"container\">\n\t\t\t\t\t<div class=\"e-con-inner\">\n\t\t<div class=\"elementor-element elementor-element-fe316cd e-con-full e-flex e-con e-child\" data-id=\"fe316cd\" data-element_type=\"container\" data-e-type=\"container\">\n\t\t\t\t<div class=\"elementor-element elementor-element-c76cc00 elementor-widget elementor-widget-heading\" data-id=\"c76cc00\" data-element_type=\"widget\" data-e-type=\"widget\" data-widget_type=\"heading.default\">\n\t\t\t\t\t<h1 class=\"elementor-heading-title elementor-size-default\">Canal \u00e9tico<\/h1>\t\t\t\t<\/div>\n\t\t\t\t<div class=\"elementor-element elementor-element-8051e16 elementor-widget-divider--view-line elementor-widget elementor-widget-divider\" data-id=\"8051e16\" data-element_type=\"widget\" data-e-type=\"widget\" data-widget_type=\"divider.default\">\n\t\t\t\t\t\t\t<div class=\"elementor-divider\">\n\t\t\t<span class=\"elementor-divider-separator\">\n\t\t\t\t\t\t<\/span>\n\t\t<\/div>\n\t\t\t\t\t\t<\/div>\n\t\t\t\t<div class=\"elementor-element elementor-element-cadeebd elementor-widget elementor-widget-text-editor\" data-id=\"cadeebd\" data-element_type=\"widget\" data-e-type=\"widget\" data-widget_type=\"text-editor.default\">\n\t\t\t\t\t\t\t\t\t<p><span style=\"font-weight: 400;\">La Sociedad Cooperativa San Antonio-Santa Rita cuenta con un sistema de cumplimiento que garantiza la adhesi\u00f3n a normativas y pol\u00edticas relacionadas a nuestra actividad. Este sistema incluye un canal de denuncias confidencial, permitiendo a cualquier persona o a los miembros de la comunidad escolar notificar posibles irregularidades \u00e9ticas de manera an\u00f3nima. Se asegura que los datos proporcionados ser\u00e1n tratados de forma confidencial. Esta iniciativa promueve la transparencia, la integridad y el compromiso con la \u00e9tica, fortaleciendo as\u00ed la calidad educativa y el ambiente de confianza <\/span><span style=\"font-weight: 400;\">dentro de la instituci\u00f3n.<\/span><\/p><p><span style=\"font-weight: 400;\">Dichas comunicaciones o denuncias se podr\u00e1n hacer llegar a trav\u00e9s de cualquiera de los siguientes medios:<\/span><\/p><ul><li style=\"font-weight: 400;\" aria-level=\"1\"><span style=\"font-weight: 400;\">Por correo electr\u00f3nico: salaketak@sanantonio.eus<\/span><\/li><li style=\"font-weight: 400;\" aria-level=\"1\"><span style=\"font-weight: 400;\">Correo postal:<\/span> <span style=\"font-weight: 400;\">\u00d3rgano cumplimiento<\/span><span style=\"font-weight: 400;\">.<\/span><span style=\"font-weight: 400;\"> S. Coop. San Antonio-Santa Rita<\/span><\/li><\/ul><p><span style=\"font-weight: 400;\">Balbino Garitaonandia, 3. 48220 Durango<\/span><\/p><ul><li style=\"font-weight: 400;\" aria-level=\"1\"><span style=\"font-weight: 400;\">Rellenando el siguiente <\/span><a href=\"https:\/\/docs.google.com\/forms\/d\/e\/1FAIpQLSc-42xLh2GvpxC1xejHzFd7A98HLfHGWeew8v6fWdkSR4uIqQ\/viewform?usp=sharing\"><span style=\"font-weight: 400;\">formulario<\/span><\/a><\/li><\/ul><p><span style=\"font-weight: 400;\">Dicha denuncia deber\u00e1 contener los siguientes datos:<\/span><\/p><ul><li style=\"font-weight: 400;\" aria-level=\"1\"><span style=\"font-weight: 400;\">Datos de la persona que realiza la denuncia (puede ser an\u00f3nima)<\/span><\/li><li style=\"font-weight: 400;\" aria-level=\"1\"><span style=\"font-weight: 400;\">Descripci\u00f3n de los hechos:(fecha, lugar, personas implicadas, testigos,&#8230;)<\/span><\/li><li style=\"font-weight: 400;\" aria-level=\"1\"><span style=\"font-weight: 400;\">Identificaci\u00f3n de la persona responsable del incumplimiento (si se conoce qui\u00e9n es)<\/span><\/li><\/ul>\t\t\t\t\t\t\t\t<\/div>\n\t\t\t\t<\/div>\n\t\t\t\t\t<\/div>\n\t\t\t\t<\/div>\n\t\t\t\t<\/div>\n\t\t","protected":false},"excerpt":{"rendered":"<p>Canal \u00e9tico La Sociedad Cooperativa San Antonio-Santa Rita cuenta con un sistema de cumplimiento que garantiza la adhesi\u00f3n a normativas y pol\u00edticas relacionadas a nuestra actividad. Este sistema incluye un canal de denuncias confidencial, permitiendo a cualquier persona o a los miembros de la comunidad escolar notificar posibles irregularidades \u00e9ticas de manera an\u00f3nima. Se asegura &#8230; <a title=\"Canal \u00e9tico\" class=\"read-more\" href=\"https:\/\/sanantonio.eus\/es\/canal-etico\/\" aria-label=\"Leer m\u00e1s sobre Canal \u00e9tico\">Leer m\u00e1s<\/a><\/p>\n","protected":false},"author":1,"featured_media":0,"parent":0,"menu_order":0,"comment_status":"closed","ping_status":"closed","template":"elementor_header_footer","meta":{"footnotes":""},"class_list":["post-1838","page","type-page","status-publish"],"yoast_head":"<!-- This site is optimized with the Yoast SEO plugin v27.0 - https:\/\/yoast.com\/product\/yoast-seo-wordpress\/ -->\n<title>Canal \u00e9tico - San Antonio Ikastetxea<\/title>\n<meta name=\"robots\" content=\"index, follow, max-snippet:-1, max-image-preview:large, max-video-preview:-1\" \/>\n<link rel=\"canonical\" href=\"https:\/\/sanantonio.eus\/es\/canal-etico\/\" \/>\n<meta property=\"og:locale\" content=\"es_ES\" \/>\n<meta property=\"og:type\" content=\"article\" \/>\n<meta property=\"og:title\" content=\"Canal \u00e9tico - San Antonio Ikastetxea\" \/>\n<meta property=\"og:description\" content=\"Canal \u00e9tico La Sociedad Cooperativa San Antonio-Santa Rita cuenta con un sistema de cumplimiento que garantiza la adhesi\u00f3n a normativas y pol\u00edticas relacionadas a nuestra actividad. Este sistema incluye un canal de denuncias confidencial, permitiendo a cualquier persona o a los miembros de la comunidad escolar notificar posibles irregularidades \u00e9ticas de manera an\u00f3nima. Se asegura ... Leer m\u00e1s\" \/>\n<meta property=\"og:url\" content=\"https:\/\/sanantonio.eus\/es\/canal-etico\/\" \/>\n<meta property=\"og:site_name\" content=\"San Antonio Ikastetxea\" \/>\n<meta property=\"article:modified_time\" content=\"2026-03-03T11:20:15+00:00\" \/>\n<meta name=\"twitter:card\" content=\"summary_large_image\" \/>\n<meta name=\"twitter:label1\" content=\"Tiempo de lectura\" \/>\n\t<meta name=\"twitter:data1\" content=\"1 minuto\" \/>\n<script type=\"application\/ld+json\" class=\"yoast-schema-graph\">{\"@context\":\"https:\/\/schema.org\",\"@graph\":[{\"@type\":\"WebPage\",\"@id\":\"https:\/\/sanantonio.eus\/es\/canal-etico\/\",\"url\":\"https:\/\/sanantonio.eus\/es\/canal-etico\/\",\"name\":\"Canal \u00e9tico - San Antonio Ikastetxea\",\"isPartOf\":{\"@id\":\"https:\/\/sanantonio.eus\/#website\"},\"datePublished\":\"2026-03-03T11:16:30+00:00\",\"dateModified\":\"2026-03-03T11:20:15+00:00\",\"breadcrumb\":{\"@id\":\"https:\/\/sanantonio.eus\/es\/canal-etico\/#breadcrumb\"},\"inLanguage\":\"es\",\"potentialAction\":[{\"@type\":\"ReadAction\",\"target\":[\"https:\/\/sanantonio.eus\/es\/canal-etico\/\"]}]},{\"@type\":\"BreadcrumbList\",\"@id\":\"https:\/\/sanantonio.eus\/es\/canal-etico\/#breadcrumb\",\"itemListElement\":[{\"@type\":\"ListItem\",\"position\":1,\"name\":\"Portada\",\"item\":\"https:\/\/sanantonio.eus\/es\/\"},{\"@type\":\"ListItem\",\"position\":2,\"name\":\"Canal \u00e9tico\"}]},{\"@type\":\"WebSite\",\"@id\":\"https:\/\/sanantonio.eus\/#website\",\"url\":\"https:\/\/sanantonio.eus\/\",\"name\":\"San Antonio Ikastetxea\",\"description\":\"Ikastetxea Durango\",\"publisher\":{\"@id\":\"https:\/\/sanantonio.eus\/#organization\"},\"potentialAction\":[{\"@type\":\"SearchAction\",\"target\":{\"@type\":\"EntryPoint\",\"urlTemplate\":\"https:\/\/sanantonio.eus\/?s={search_term_string}\"},\"query-input\":{\"@type\":\"PropertyValueSpecification\",\"valueRequired\":true,\"valueName\":\"search_term_string\"}}],\"inLanguage\":\"es\"},{\"@type\":\"Organization\",\"@id\":\"https:\/\/sanantonio.eus\/#organization\",\"name\":\"San Antonio Ikastetxea\",\"url\":\"https:\/\/sanantonio.eus\/\",\"logo\":{\"@type\":\"ImageObject\",\"inLanguage\":\"es\",\"@id\":\"https:\/\/sanantonio.eus\/#\/schema\/logo\/image\/\",\"url\":\"https:\/\/sanantonio.eus\/wp-content\/uploads\/2025\/11\/logo-san-antonio-b.png\",\"contentUrl\":\"https:\/\/sanantonio.eus\/wp-content\/uploads\/2025\/11\/logo-san-antonio-b.png\",\"width\":300,\"height\":252,\"caption\":\"San Antonio Ikastetxea\"},\"image\":{\"@id\":\"https:\/\/sanantonio.eus\/#\/schema\/logo\/image\/\"}}]}<\/script>\n<!-- \/ Yoast SEO plugin. -->","yoast_head_json":{"title":"Canal \u00e9tico - San Antonio Ikastetxea","robots":{"index":"index","follow":"follow","max-snippet":"max-snippet:-1","max-image-preview":"max-image-preview:large","max-video-preview":"max-video-preview:-1"},"canonical":"https:\/\/sanantonio.eus\/es\/canal-etico\/","og_locale":"es_ES","og_type":"article","og_title":"Canal \u00e9tico - San Antonio Ikastetxea","og_description":"Canal \u00e9tico La Sociedad Cooperativa San Antonio-Santa Rita cuenta con un sistema de cumplimiento que garantiza la adhesi\u00f3n a normativas y pol\u00edticas relacionadas a nuestra actividad. Este sistema incluye un canal de denuncias confidencial, permitiendo a cualquier persona o a los miembros de la comunidad escolar notificar posibles irregularidades \u00e9ticas de manera an\u00f3nima. Se asegura ... Leer m\u00e1s","og_url":"https:\/\/sanantonio.eus\/es\/canal-etico\/","og_site_name":"San Antonio Ikastetxea","article_modified_time":"2026-03-03T11:20:15+00:00","twitter_card":"summary_large_image","twitter_misc":{"Tiempo de lectura":"1 minuto"},"schema":{"@context":"https:\/\/schema.org","@graph":[{"@type":"WebPage","@id":"https:\/\/sanantonio.eus\/es\/canal-etico\/","url":"https:\/\/sanantonio.eus\/es\/canal-etico\/","name":"Canal \u00e9tico - San Antonio Ikastetxea","isPartOf":{"@id":"https:\/\/sanantonio.eus\/#website"},"datePublished":"2026-03-03T11:16:30+00:00","dateModified":"2026-03-03T11:20:15+00:00","breadcrumb":{"@id":"https:\/\/sanantonio.eus\/es\/canal-etico\/#breadcrumb"},"inLanguage":"es","potentialAction":[{"@type":"ReadAction","target":["https:\/\/sanantonio.eus\/es\/canal-etico\/"]}]},{"@type":"BreadcrumbList","@id":"https:\/\/sanantonio.eus\/es\/canal-etico\/#breadcrumb","itemListElement":[{"@type":"ListItem","position":1,"name":"Portada","item":"https:\/\/sanantonio.eus\/es\/"},{"@type":"ListItem","position":2,"name":"Canal \u00e9tico"}]},{"@type":"WebSite","@id":"https:\/\/sanantonio.eus\/#website","url":"https:\/\/sanantonio.eus\/","name":"San Antonio Ikastetxea","description":"Ikastetxea Durango","publisher":{"@id":"https:\/\/sanantonio.eus\/#organization"},"potentialAction":[{"@type":"SearchAction","target":{"@type":"EntryPoint","urlTemplate":"https:\/\/sanantonio.eus\/?s={search_term_string}"},"query-input":{"@type":"PropertyValueSpecification","valueRequired":true,"valueName":"search_term_string"}}],"inLanguage":"es"},{"@type":"Organization","@id":"https:\/\/sanantonio.eus\/#organization","name":"San Antonio Ikastetxea","url":"https:\/\/sanantonio.eus\/","logo":{"@type":"ImageObject","inLanguage":"es","@id":"https:\/\/sanantonio.eus\/#\/schema\/logo\/image\/","url":"https:\/\/sanantonio.eus\/wp-content\/uploads\/2025\/11\/logo-san-antonio-b.png","contentUrl":"https:\/\/sanantonio.eus\/wp-content\/uploads\/2025\/11\/logo-san-antonio-b.png","width":300,"height":252,"caption":"San Antonio Ikastetxea"},"image":{"@id":"https:\/\/sanantonio.eus\/#\/schema\/logo\/image\/"}}]}},"_links":{"self":[{"href":"https:\/\/sanantonio.eus\/es\/wp-json\/wp\/v2\/pages\/1838","targetHints":{"allow":["GET"]}}],"collection":[{"href":"https:\/\/sanantonio.eus\/es\/wp-json\/wp\/v2\/pages"}],"about":[{"href":"https:\/\/sanantonio.eus\/es\/wp-json\/wp\/v2\/types\/page"}],"author":[{"embeddable":true,"href":"https:\/\/sanantonio.eus\/es\/wp-json\/wp\/v2\/users\/1"}],"replies":[{"embeddable":true,"href":"https:\/\/sanantonio.eus\/es\/wp-json\/wp\/v2\/comments?post=1838"}],"version-history":[{"count":0,"href":"https:\/\/sanantonio.eus\/es\/wp-json\/wp\/v2\/pages\/1838\/revisions"}],"wp:attachment":[{"href":"https:\/\/sanantonio.eus\/es\/wp-json\/wp\/v2\/media?parent=1838"}],"curies":[{"name":"wp","href":"https:\/\/api.w.org\/{rel}","templated":true}]}}