{"id":2166,"date":"2026-03-18T09:46:46","date_gmt":"2026-03-18T09:46:46","guid":{"rendered":"https:\/\/sanantonio.eus\/berriak\/"},"modified":"2026-03-19T09:34:38","modified_gmt":"2026-03-19T09:34:38","slug":"noticias","status":"publish","type":"page","link":"https:\/\/sanantonio.eus\/es\/noticias\/","title":{"rendered":"Noticias"},"content":{"rendered":"\t\t<div data-elementor-type=\"wp-page\" data-elementor-id=\"2166\" class=\"elementor elementor-2166 elementor-2101\" data-elementor-post-type=\"page\">\n\t\t\t\t<div class=\"elementor-element elementor-element-38ce84e e-con-full e-flex e-con e-parent\" data-id=\"38ce84e\" data-element_type=\"container\" data-e-type=\"container\" id=\"top\" data-settings=\"{&quot;background_background&quot;:&quot;classic&quot;}\">\n\t\t<div class=\"elementor-element elementor-element-b2bed8a e-flex e-con-boxed e-con e-child\" data-id=\"b2bed8a\" data-element_type=\"container\" data-e-type=\"container\">\n\t\t\t\t\t<div class=\"e-con-inner\">\n\t\t\t\t\t<\/div>\n\t\t\t\t<\/div>\n\t\t\t\t<\/div>\n\t\t<div class=\"elementor-element elementor-element-99f33b8 e-flex e-con-boxed e-con e-parent\" data-id=\"99f33b8\" data-element_type=\"container\" data-e-type=\"container\">\n\t\t\t\t\t<div class=\"e-con-inner\">\n\t\t<div class=\"elementor-element elementor-element-fe53bae e-con-full e-flex e-con e-child\" data-id=\"fe53bae\" data-element_type=\"container\" data-e-type=\"container\">\n\t\t\t\t<div class=\"elementor-element elementor-element-a06f323 elementor-widget elementor-widget-heading\" data-id=\"a06f323\" data-element_type=\"widget\" data-e-type=\"widget\" data-widget_type=\"heading.default\">\n\t\t\t\t\t<h1 class=\"elementor-heading-title elementor-size-default\">Noticias<\/h1>\t\t\t\t<\/div>\n\t\t\t\t<div class=\"elementor-element elementor-element-30329ef elementor-widget-divider--view-line elementor-widget elementor-widget-divider\" data-id=\"30329ef\" data-element_type=\"widget\" data-e-type=\"widget\" data-widget_type=\"divider.default\">\n\t\t\t\t\t\t\t<div class=\"elementor-divider\">\n\t\t\t<span class=\"elementor-divider-separator\">\n\t\t\t\t\t\t<\/span>\n\t\t<\/div>\n\t\t\t\t\t\t<\/div>\n\t\t\t\t<\/div>\n\t\t\t\t\t<\/div>\n\t\t\t\t<\/div>\n\t\t<div class=\"elementor-element elementor-element-a8c4e18 e-flex e-con-boxed e-con e-parent\" data-id=\"a8c4e18\" data-element_type=\"container\" data-e-type=\"container\">\n\t\t\t\t\t<div class=\"e-con-inner\">\n\t\t\t\t<div class=\"elementor-element elementor-element-1ce1ada elementor-grid-3 elementor-grid-tablet-2 elementor-grid-mobile-1 elementor-posts--thumbnail-top elementor-widget elementor-widget-posts\" data-id=\"1ce1ada\" data-element_type=\"widget\" data-e-type=\"widget\" data-settings=\"{&quot;classic_columns&quot;:&quot;3&quot;,&quot;classic_columns_tablet&quot;:&quot;2&quot;,&quot;classic_columns_mobile&quot;:&quot;1&quot;,&quot;classic_row_gap&quot;:{&quot;unit&quot;:&quot;px&quot;,&quot;size&quot;:35,&quot;sizes&quot;:[]},&quot;classic_row_gap_tablet&quot;:{&quot;unit&quot;:&quot;px&quot;,&quot;size&quot;:&quot;&quot;,&quot;sizes&quot;:[]},&quot;classic_row_gap_mobile&quot;:{&quot;unit&quot;:&quot;px&quot;,&quot;size&quot;:&quot;&quot;,&quot;sizes&quot;:[]}}\" data-widget_type=\"posts.classic\">\n\t\t\t\t<div class=\"elementor-widget-container\">\n\t\t\t\t\t\t\t<div class=\"elementor-posts-container elementor-posts elementor-posts--skin-classic elementor-grid\" role=\"list\">\n\t\t\t\t<article class=\"elementor-post elementor-grid-item post-2279 post type-post status-publish format-standard has-post-thumbnail hentry category-sin-categorizar\" role=\"listitem\">\n\t\t\t\t<a class=\"elementor-post__thumbnail__link\" href=\"https:\/\/sanantonio.eus\/es\/este-verano-convierte-tu-creatividad-en-realidad-en-los-summer-labs\/\" tabindex=\"-1\" >\n\t\t\t<div class=\"elementor-post__thumbnail\"><img fetchpriority=\"high\" decoding=\"async\" width=\"200\" height=\"300\" src=\"https:\/\/sanantonio.eus\/wp-content\/uploads\/2026\/04\/Cartel-summerlab-castellano-200x300.png\" class=\"attachment-medium size-medium wp-image-2285\" alt=\"\" srcset=\"https:\/\/sanantonio.eus\/wp-content\/uploads\/2026\/04\/Cartel-summerlab-castellano-200x300.png 200w, https:\/\/sanantonio.eus\/wp-content\/uploads\/2026\/04\/Cartel-summerlab-castellano-683x1024.png 683w, https:\/\/sanantonio.eus\/wp-content\/uploads\/2026\/04\/Cartel-summerlab-castellano-768x1152.png 768w, https:\/\/sanantonio.eus\/wp-content\/uploads\/2026\/04\/Cartel-summerlab-castellano-600x900.png 600w, https:\/\/sanantonio.eus\/wp-content\/uploads\/2026\/04\/Cartel-summerlab-castellano.png 1024w\" sizes=\"(max-width: 200px) 100vw, 200px\" \/><\/div>\n\t\t<\/a>\n\t\t\t\t<div class=\"elementor-post__text\">\n\t\t\t\t<h3 class=\"elementor-post__title\">\n\t\t\t<a href=\"https:\/\/sanantonio.eus\/es\/este-verano-convierte-tu-creatividad-en-realidad-en-los-summer-labs\/\" >\n\t\t\t\tEste verano\u2026 \u00a1convierte tu creatividad en realidad en los Summer Labs!\t\t\t<\/a>\n\t\t<\/h3>\n\t\t\t\t<div class=\"elementor-post__meta-data\">\n\t\t\t\t\t<span class=\"elementor-post-date\">\n\t\t\tabril 24, 2026\t\t<\/span>\n\t\t\t\t<\/div>\n\t\t\n\t\t<a class=\"elementor-post__read-more\" href=\"https:\/\/sanantonio.eus\/es\/este-verano-convierte-tu-creatividad-en-realidad-en-los-summer-labs\/\" aria-label=\"M\u00e1s informaci\u00f3n sobre Este verano\u2026 \u00a1convierte tu creatividad en realidad en los Summer Labs!\" tabindex=\"-1\" >\n\t\t\t&gt;&gt; Irakurri\t\t<\/a>\n\n\t\t\t\t<\/div>\n\t\t\t\t<\/article>\n\t\t\t\t<article class=\"elementor-post elementor-grid-item post-2264 post type-post status-publish format-standard has-post-thumbnail hentry category-sin-categorizar\" role=\"listitem\">\n\t\t\t\t<a class=\"elementor-post__thumbnail__link\" href=\"https:\/\/sanantonio.eus\/es\/itzali-eta-piztu-espectaculo-electronico-en-plateruena\/\" tabindex=\"-1\" >\n\t\t\t<div class=\"elementor-post__thumbnail\"><img decoding=\"async\" width=\"212\" height=\"300\" src=\"https:\/\/sanantonio.eus\/wp-content\/uploads\/2026\/04\/1TZ4L13T4P1ZTU_kartela_Durango-212x300.jpg\" class=\"attachment-medium size-medium wp-image-2266\" alt=\"\" srcset=\"https:\/\/sanantonio.eus\/wp-content\/uploads\/2026\/04\/1TZ4L13T4P1ZTU_kartela_Durango-212x300.jpg 212w, https:\/\/sanantonio.eus\/wp-content\/uploads\/2026\/04\/1TZ4L13T4P1ZTU_kartela_Durango-724x1024.jpg 724w, https:\/\/sanantonio.eus\/wp-content\/uploads\/2026\/04\/1TZ4L13T4P1ZTU_kartela_Durango-768x1086.jpg 768w, https:\/\/sanantonio.eus\/wp-content\/uploads\/2026\/04\/1TZ4L13T4P1ZTU_kartela_Durango-1086x1536.jpg 1086w, https:\/\/sanantonio.eus\/wp-content\/uploads\/2026\/04\/1TZ4L13T4P1ZTU_kartela_Durango-1448x2048.jpg 1448w, https:\/\/sanantonio.eus\/wp-content\/uploads\/2026\/04\/1TZ4L13T4P1ZTU_kartela_Durango-600x848.jpg 600w, https:\/\/sanantonio.eus\/wp-content\/uploads\/2026\/04\/1TZ4L13T4P1ZTU_kartela_Durango.jpg 1754w\" sizes=\"(max-width: 212px) 100vw, 212px\" \/><\/div>\n\t\t<\/a>\n\t\t\t\t<div class=\"elementor-post__text\">\n\t\t\t\t<h3 class=\"elementor-post__title\">\n\t\t\t<a href=\"https:\/\/sanantonio.eus\/es\/itzali-eta-piztu-espectaculo-electronico-en-plateruena\/\" >\n\t\t\t\t\u00abItzali eta Piztu\u00bb: Espect\u00e1culo electr\u00f3nico en Plateruena\t\t\t<\/a>\n\t\t<\/h3>\n\t\t\t\t<div class=\"elementor-post__meta-data\">\n\t\t\t\t\t<span class=\"elementor-post-date\">\n\t\t\tabril 23, 2026\t\t<\/span>\n\t\t\t\t<\/div>\n\t\t\n\t\t<a class=\"elementor-post__read-more\" href=\"https:\/\/sanantonio.eus\/es\/itzali-eta-piztu-espectaculo-electronico-en-plateruena\/\" aria-label=\"M\u00e1s informaci\u00f3n sobre \u00abItzali eta Piztu\u00bb: Espect\u00e1culo electr\u00f3nico en Plateruena\" tabindex=\"-1\" >\n\t\t\t&gt;&gt; Irakurri\t\t<\/a>\n\n\t\t\t\t<\/div>\n\t\t\t\t<\/article>\n\t\t\t\t<article class=\"elementor-post elementor-grid-item post-2249 post type-post status-publish format-standard has-post-thumbnail hentry category-sin-categorizar\" role=\"listitem\">\n\t\t\t\t<a class=\"elementor-post__thumbnail__link\" href=\"https:\/\/sanantonio.eus\/es\/ciclo-de-charlas-y-talleres-de-euskera-para-familias-en-mayo\/\" tabindex=\"-1\" >\n\t\t\t<div class=\"elementor-post__thumbnail\"><img decoding=\"async\" width=\"212\" height=\"300\" src=\"https:\/\/sanantonio.eus\/wp-content\/uploads\/2026\/04\/Creciendo-con-el-euskera-1-212x300.jpg\" class=\"attachment-medium size-medium wp-image-2276\" alt=\"\" srcset=\"https:\/\/sanantonio.eus\/wp-content\/uploads\/2026\/04\/Creciendo-con-el-euskera-1-212x300.jpg 212w, https:\/\/sanantonio.eus\/wp-content\/uploads\/2026\/04\/Creciendo-con-el-euskera-1-724x1024.jpg 724w, https:\/\/sanantonio.eus\/wp-content\/uploads\/2026\/04\/Creciendo-con-el-euskera-1-768x1086.jpg 768w, https:\/\/sanantonio.eus\/wp-content\/uploads\/2026\/04\/Creciendo-con-el-euskera-1-1086x1536.jpg 1086w, https:\/\/sanantonio.eus\/wp-content\/uploads\/2026\/04\/Creciendo-con-el-euskera-1-600x849.jpg 600w, https:\/\/sanantonio.eus\/wp-content\/uploads\/2026\/04\/Creciendo-con-el-euskera-1.jpg 1414w\" sizes=\"(max-width: 212px) 100vw, 212px\" \/><\/div>\n\t\t<\/a>\n\t\t\t\t<div class=\"elementor-post__text\">\n\t\t\t\t<h3 class=\"elementor-post__title\">\n\t\t\t<a href=\"https:\/\/sanantonio.eus\/es\/ciclo-de-charlas-y-talleres-de-euskera-para-familias-en-mayo\/\" >\n\t\t\t\tCiclo de charlas y talleres de euskera para familias en mayo\t\t\t<\/a>\n\t\t<\/h3>\n\t\t\t\t<div class=\"elementor-post__meta-data\">\n\t\t\t\t\t<span class=\"elementor-post-date\">\n\t\t\tabril 23, 2026\t\t<\/span>\n\t\t\t\t<\/div>\n\t\t\n\t\t<a class=\"elementor-post__read-more\" href=\"https:\/\/sanantonio.eus\/es\/ciclo-de-charlas-y-talleres-de-euskera-para-familias-en-mayo\/\" aria-label=\"M\u00e1s informaci\u00f3n sobre Ciclo de charlas y talleres de euskera para familias en mayo\" tabindex=\"-1\" >\n\t\t\t&gt;&gt; Irakurri\t\t<\/a>\n\n\t\t\t\t<\/div>\n\t\t\t\t<\/article>\n\t\t\t\t<article class=\"elementor-post elementor-grid-item post-2235 post type-post status-publish format-standard has-post-thumbnail hentry category-sin-categorizar\" role=\"listitem\">\n\t\t\t\t<a class=\"elementor-post__thumbnail__link\" href=\"https:\/\/sanantonio.eus\/es\/i-congreso-internacional-de-familias-6-y-7-de-mayo-en-vitoria-gasteiz\/\" tabindex=\"-1\" >\n\t\t\t<div class=\"elementor-post__thumbnail\"><img loading=\"lazy\" decoding=\"async\" width=\"300\" height=\"75\" src=\"https:\/\/sanantonio.eus\/wp-content\/uploads\/2026\/04\/familieZuzendutakoKongresua-300x75.jpg\" class=\"attachment-medium size-medium wp-image-2238\" alt=\"\" srcset=\"https:\/\/sanantonio.eus\/wp-content\/uploads\/2026\/04\/familieZuzendutakoKongresua-300x75.jpg 300w, https:\/\/sanantonio.eus\/wp-content\/uploads\/2026\/04\/familieZuzendutakoKongresua-1024x256.jpg 1024w, https:\/\/sanantonio.eus\/wp-content\/uploads\/2026\/04\/familieZuzendutakoKongresua-768x192.jpg 768w, https:\/\/sanantonio.eus\/wp-content\/uploads\/2026\/04\/familieZuzendutakoKongresua-600x150.jpg 600w, https:\/\/sanantonio.eus\/wp-content\/uploads\/2026\/04\/familieZuzendutakoKongresua.jpg 1200w\" sizes=\"(max-width: 300px) 100vw, 300px\" \/><\/div>\n\t\t<\/a>\n\t\t\t\t<div class=\"elementor-post__text\">\n\t\t\t\t<h3 class=\"elementor-post__title\">\n\t\t\t<a href=\"https:\/\/sanantonio.eus\/es\/i-congreso-internacional-de-familias-6-y-7-de-mayo-en-vitoria-gasteiz\/\" >\n\t\t\t\tI Congreso Internacional de Familias: 6 y 7 de mayo en Vitoria-Gasteiz\t\t\t<\/a>\n\t\t<\/h3>\n\t\t\t\t<div class=\"elementor-post__meta-data\">\n\t\t\t\t\t<span class=\"elementor-post-date\">\n\t\t\tabril 23, 2026\t\t<\/span>\n\t\t\t\t<\/div>\n\t\t\n\t\t<a class=\"elementor-post__read-more\" href=\"https:\/\/sanantonio.eus\/es\/i-congreso-internacional-de-familias-6-y-7-de-mayo-en-vitoria-gasteiz\/\" aria-label=\"M\u00e1s informaci\u00f3n sobre I Congreso Internacional de Familias: 6 y 7 de mayo en Vitoria-Gasteiz\" tabindex=\"-1\" >\n\t\t\t&gt;&gt; Irakurri\t\t<\/a>\n\n\t\t\t\t<\/div>\n\t\t\t\t<\/article>\n\t\t\t\t<article class=\"elementor-post elementor-grid-item post-2206 post type-post status-publish format-standard has-post-thumbnail hentry category-sin-categorizar\" role=\"listitem\">\n\t\t\t\t<a class=\"elementor-post__thumbnail__link\" href=\"https:\/\/sanantonio.eus\/es\/senderismo-en-familia-nace-una-nueva-iniciativa-de-familias-de-durango\/\" tabindex=\"-1\" >\n\t\t\t<div class=\"elementor-post__thumbnail\"><img loading=\"lazy\" decoding=\"async\" width=\"300\" height=\"164\" src=\"https:\/\/sanantonio.eus\/wp-content\/uploads\/2026\/04\/Gemini_Generated_Image_2i38z2i38z2i38z2-300x164.png\" class=\"attachment-medium size-medium wp-image-2210\" alt=\"\" srcset=\"https:\/\/sanantonio.eus\/wp-content\/uploads\/2026\/04\/Gemini_Generated_Image_2i38z2i38z2i38z2-300x164.png 300w, https:\/\/sanantonio.eus\/wp-content\/uploads\/2026\/04\/Gemini_Generated_Image_2i38z2i38z2i38z2-1024x559.png 1024w, https:\/\/sanantonio.eus\/wp-content\/uploads\/2026\/04\/Gemini_Generated_Image_2i38z2i38z2i38z2-768x419.png 768w, https:\/\/sanantonio.eus\/wp-content\/uploads\/2026\/04\/Gemini_Generated_Image_2i38z2i38z2i38z2-600x327.png 600w, https:\/\/sanantonio.eus\/wp-content\/uploads\/2026\/04\/Gemini_Generated_Image_2i38z2i38z2i38z2.png 1408w\" sizes=\"(max-width: 300px) 100vw, 300px\" \/><\/div>\n\t\t<\/a>\n\t\t\t\t<div class=\"elementor-post__text\">\n\t\t\t\t<h3 class=\"elementor-post__title\">\n\t\t\t<a href=\"https:\/\/sanantonio.eus\/es\/senderismo-en-familia-nace-una-nueva-iniciativa-de-familias-de-durango\/\" >\n\t\t\t\tSenderismo en familia: nace una nueva iniciativa de familias de Durango\t\t\t<\/a>\n\t\t<\/h3>\n\t\t\t\t<div class=\"elementor-post__meta-data\">\n\t\t\t\t\t<span class=\"elementor-post-date\">\n\t\t\tabril 20, 2026\t\t<\/span>\n\t\t\t\t<\/div>\n\t\t\n\t\t<a class=\"elementor-post__read-more\" href=\"https:\/\/sanantonio.eus\/es\/senderismo-en-familia-nace-una-nueva-iniciativa-de-familias-de-durango\/\" aria-label=\"M\u00e1s informaci\u00f3n sobre Senderismo en familia: nace una nueva iniciativa de familias de Durango\" tabindex=\"-1\" >\n\t\t\t&gt;&gt; Irakurri\t\t<\/a>\n\n\t\t\t\t<\/div>\n\t\t\t\t<\/article>\n\t\t\t\t<article class=\"elementor-post elementor-grid-item post-2176 post type-post status-publish format-standard has-post-thumbnail hentry category-sin-categorizar\" role=\"listitem\">\n\t\t\t\t<a class=\"elementor-post__thumbnail__link\" href=\"https:\/\/sanantonio.eus\/es\/24-korrika-cena-y-concierto-en-durango\/\" tabindex=\"-1\" >\n\t\t\t<div class=\"elementor-post__thumbnail\"><img loading=\"lazy\" decoding=\"async\" width=\"212\" height=\"300\" src=\"https:\/\/sanantonio.eus\/wp-content\/uploads\/2025\/11\/news-2-212x300.jpg\" class=\"attachment-medium size-medium wp-image-2177\" alt=\"\" srcset=\"https:\/\/sanantonio.eus\/wp-content\/uploads\/2025\/11\/news-2-212x300.jpg 212w, https:\/\/sanantonio.eus\/wp-content\/uploads\/2025\/11\/news-2-724x1024.jpg 724w, https:\/\/sanantonio.eus\/wp-content\/uploads\/2025\/11\/news-2-768x1086.jpg 768w, https:\/\/sanantonio.eus\/wp-content\/uploads\/2025\/11\/news-2-600x849.jpg 600w, https:\/\/sanantonio.eus\/wp-content\/uploads\/2025\/11\/news-2.jpg 900w\" sizes=\"(max-width: 212px) 100vw, 212px\" \/><\/div>\n\t\t<\/a>\n\t\t\t\t<div class=\"elementor-post__text\">\n\t\t\t\t<h3 class=\"elementor-post__title\">\n\t\t\t<a href=\"https:\/\/sanantonio.eus\/es\/24-korrika-cena-y-concierto-en-durango\/\" >\n\t\t\t\t24. Korrika: Cena y Concierto en Durango\t\t\t<\/a>\n\t\t<\/h3>\n\t\t\t\t<div class=\"elementor-post__meta-data\">\n\t\t\t\t\t<span class=\"elementor-post-date\">\n\t\t\tmarzo 1, 2026\t\t<\/span>\n\t\t\t\t<\/div>\n\t\t\n\t\t<a class=\"elementor-post__read-more\" href=\"https:\/\/sanantonio.eus\/es\/24-korrika-cena-y-concierto-en-durango\/\" aria-label=\"M\u00e1s informaci\u00f3n sobre 24. Korrika: Cena y Concierto en Durango\" tabindex=\"-1\" >\n\t\t\t&gt;&gt; Irakurri\t\t<\/a>\n\n\t\t\t\t<\/div>\n\t\t\t\t<\/article>\n\t\t\t\t<article class=\"elementor-post elementor-grid-item post-2174 post type-post status-publish format-standard has-post-thumbnail hentry category-sin-categorizar\" role=\"listitem\">\n\t\t\t\t<a class=\"elementor-post__thumbnail__link\" href=\"https:\/\/sanantonio.eus\/es\/guia-de-teatro-2026-ibarretxe-kultur-etxea-iurreta\/\" tabindex=\"-1\" >\n\t\t\t<div class=\"elementor-post__thumbnail\"><img loading=\"lazy\" decoding=\"async\" width=\"191\" height=\"300\" src=\"https:\/\/sanantonio.eus\/wp-content\/uploads\/2025\/11\/news1-191x300.jpg\" class=\"attachment-medium size-medium wp-image-2175\" alt=\"\" srcset=\"https:\/\/sanantonio.eus\/wp-content\/uploads\/2025\/11\/news1-191x300.jpg 191w, https:\/\/sanantonio.eus\/wp-content\/uploads\/2025\/11\/news1-651x1024.jpg 651w, https:\/\/sanantonio.eus\/wp-content\/uploads\/2025\/11\/news1-768x1207.jpg 768w, https:\/\/sanantonio.eus\/wp-content\/uploads\/2025\/11\/news1-600x943.jpg 600w, https:\/\/sanantonio.eus\/wp-content\/uploads\/2025\/11\/news1.jpg 900w\" sizes=\"(max-width: 191px) 100vw, 191px\" \/><\/div>\n\t\t<\/a>\n\t\t\t\t<div class=\"elementor-post__text\">\n\t\t\t\t<h3 class=\"elementor-post__title\">\n\t\t\t<a href=\"https:\/\/sanantonio.eus\/es\/guia-de-teatro-2026-ibarretxe-kultur-etxea-iurreta\/\" >\n\t\t\t\tGu\u00eda de Teatro 2026: Ibarretxe Kultur Etxea (Iurreta)\t\t\t<\/a>\n\t\t<\/h3>\n\t\t\t\t<div class=\"elementor-post__meta-data\">\n\t\t\t\t\t<span class=\"elementor-post-date\">\n\t\t\tmarzo 1, 2026\t\t<\/span>\n\t\t\t\t<\/div>\n\t\t\n\t\t<a class=\"elementor-post__read-more\" href=\"https:\/\/sanantonio.eus\/es\/guia-de-teatro-2026-ibarretxe-kultur-etxea-iurreta\/\" aria-label=\"M\u00e1s informaci\u00f3n sobre Gu\u00eda de Teatro 2026: Ibarretxe Kultur Etxea (Iurreta)\" tabindex=\"-1\" >\n\t\t\t&gt;&gt; Irakurri\t\t<\/a>\n\n\t\t\t\t<\/div>\n\t\t\t\t<\/article>\n\t\t\t\t<article class=\"elementor-post elementor-grid-item post-2172 post type-post status-publish format-standard has-post-thumbnail hentry category-sin-categorizar\" role=\"listitem\">\n\t\t\t\t<a class=\"elementor-post__thumbnail__link\" href=\"https:\/\/sanantonio.eus\/es\/charla-sobre-autoestima-y-gestion-emocional\/\" tabindex=\"-1\" >\n\t\t\t<div class=\"elementor-post__thumbnail\"><img loading=\"lazy\" decoding=\"async\" width=\"212\" height=\"300\" src=\"https:\/\/sanantonio.eus\/wp-content\/uploads\/2025\/11\/News-3-212x300.jpg\" class=\"attachment-medium size-medium wp-image-2173\" alt=\"\" srcset=\"https:\/\/sanantonio.eus\/wp-content\/uploads\/2025\/11\/News-3-212x300.jpg 212w, https:\/\/sanantonio.eus\/wp-content\/uploads\/2025\/11\/News-3-724x1024.jpg 724w, https:\/\/sanantonio.eus\/wp-content\/uploads\/2025\/11\/News-3-768x1086.jpg 768w, https:\/\/sanantonio.eus\/wp-content\/uploads\/2025\/11\/News-3-600x849.jpg 600w, https:\/\/sanantonio.eus\/wp-content\/uploads\/2025\/11\/News-3.jpg 900w\" sizes=\"(max-width: 212px) 100vw, 212px\" \/><\/div>\n\t\t<\/a>\n\t\t\t\t<div class=\"elementor-post__text\">\n\t\t\t\t<h3 class=\"elementor-post__title\">\n\t\t\t<a href=\"https:\/\/sanantonio.eus\/es\/charla-sobre-autoestima-y-gestion-emocional\/\" >\n\t\t\t\tCharla sobre autoestima y gesti\u00f3n emocional\t\t\t<\/a>\n\t\t<\/h3>\n\t\t\t\t<div class=\"elementor-post__meta-data\">\n\t\t\t\t\t<span class=\"elementor-post-date\">\n\t\t\tnoviembre 4, 2025\t\t<\/span>\n\t\t\t\t<\/div>\n\t\t\n\t\t<a class=\"elementor-post__read-more\" href=\"https:\/\/sanantonio.eus\/es\/charla-sobre-autoestima-y-gestion-emocional\/\" aria-label=\"M\u00e1s informaci\u00f3n sobre Charla sobre autoestima y gesti\u00f3n emocional\" tabindex=\"-1\" >\n\t\t\t&gt;&gt; Irakurri\t\t<\/a>\n\n\t\t\t\t<\/div>\n\t\t\t\t<\/article>\n\t\t\t\t<\/div>\n\t\t\n\t\t\t\t\t\t<\/div>\n\t\t\t\t<\/div>\n\t\t\t\t\t<\/div>\n\t\t\t\t<\/div>\n\t\t\t\t<\/div>\n\t\t","protected":false},"excerpt":{"rendered":"<p>Noticias<\/p>\n","protected":false},"author":1,"featured_media":0,"parent":0,"menu_order":0,"comment_status":"closed","ping_status":"closed","template":"","meta":{"footnotes":""},"class_list":["post-2166","page","type-page","status-publish","hentry"],"yoast_head":"<!-- This site is optimized with the Yoast SEO plugin v27.0 - https:\/\/yoast.com\/product\/yoast-seo-wordpress\/ -->\n<title>Berriak San Antonio Ikastetxea Durango<\/title>\n<meta name=\"description\" content=\"Berriak San Antonio Ikastetxea Durango.\" \/>\n<meta name=\"robots\" content=\"index, follow, max-snippet:-1, max-image-preview:large, max-video-preview:-1\" \/>\n<link rel=\"canonical\" href=\"https:\/\/sanantonio.eus\/es\/noticias\/\" \/>\n<meta property=\"og:locale\" content=\"es_ES\" \/>\n<meta property=\"og:type\" content=\"article\" \/>\n<meta property=\"og:title\" content=\"Berriak San Antonio Ikastetxea Durango\" \/>\n<meta property=\"og:description\" content=\"Berriak San Antonio Ikastetxea Durango.\" \/>\n<meta property=\"og:url\" content=\"https:\/\/sanantonio.eus\/es\/noticias\/\" \/>\n<meta property=\"og:site_name\" content=\"San Antonio Ikastetxea\" \/>\n<meta property=\"article:modified_time\" content=\"2026-03-19T09:34:38+00:00\" \/>\n<meta name=\"twitter:card\" content=\"summary_large_image\" \/>\n<meta name=\"twitter:label1\" content=\"Tiempo de lectura\" \/>\n\t<meta name=\"twitter:data1\" content=\"1 minuto\" \/>\n<script type=\"application\/ld+json\" class=\"yoast-schema-graph\">{\"@context\":\"https:\/\/schema.org\",\"@graph\":[{\"@type\":\"WebPage\",\"@id\":\"https:\/\/sanantonio.eus\/es\/noticias\/\",\"url\":\"https:\/\/sanantonio.eus\/es\/noticias\/\",\"name\":\"Berriak San Antonio Ikastetxea Durango\",\"isPartOf\":{\"@id\":\"https:\/\/sanantonio.eus\/#website\"},\"datePublished\":\"2026-03-18T09:46:46+00:00\",\"dateModified\":\"2026-03-19T09:34:38+00:00\",\"description\":\"Berriak San Antonio Ikastetxea Durango.\",\"breadcrumb\":{\"@id\":\"https:\/\/sanantonio.eus\/es\/noticias\/#breadcrumb\"},\"inLanguage\":\"es\",\"potentialAction\":[{\"@type\":\"ReadAction\",\"target\":[\"https:\/\/sanantonio.eus\/es\/noticias\/\"]}]},{\"@type\":\"BreadcrumbList\",\"@id\":\"https:\/\/sanantonio.eus\/es\/noticias\/#breadcrumb\",\"itemListElement\":[{\"@type\":\"ListItem\",\"position\":1,\"name\":\"Portada\",\"item\":\"https:\/\/sanantonio.eus\/es\/\"},{\"@type\":\"ListItem\",\"position\":2,\"name\":\"Noticias\"}]},{\"@type\":\"WebSite\",\"@id\":\"https:\/\/sanantonio.eus\/#website\",\"url\":\"https:\/\/sanantonio.eus\/\",\"name\":\"San Antonio Ikastetxea\",\"description\":\"Ikastetxea Durango\",\"publisher\":{\"@id\":\"https:\/\/sanantonio.eus\/#organization\"},\"potentialAction\":[{\"@type\":\"SearchAction\",\"target\":{\"@type\":\"EntryPoint\",\"urlTemplate\":\"https:\/\/sanantonio.eus\/?s={search_term_string}\"},\"query-input\":{\"@type\":\"PropertyValueSpecification\",\"valueRequired\":true,\"valueName\":\"search_term_string\"}}],\"inLanguage\":\"es\"},{\"@type\":\"Organization\",\"@id\":\"https:\/\/sanantonio.eus\/#organization\",\"name\":\"San Antonio Ikastetxea\",\"url\":\"https:\/\/sanantonio.eus\/\",\"logo\":{\"@type\":\"ImageObject\",\"inLanguage\":\"es\",\"@id\":\"https:\/\/sanantonio.eus\/#\/schema\/logo\/image\/\",\"url\":\"https:\/\/sanantonio.eus\/wp-content\/uploads\/2025\/11\/logo-san-antonio-b.png\",\"contentUrl\":\"https:\/\/sanantonio.eus\/wp-content\/uploads\/2025\/11\/logo-san-antonio-b.png\",\"width\":300,\"height\":252,\"caption\":\"San Antonio Ikastetxea\"},\"image\":{\"@id\":\"https:\/\/sanantonio.eus\/#\/schema\/logo\/image\/\"}}]}<\/script>\n<!-- \/ Yoast SEO plugin. -->","yoast_head_json":{"title":"Berriak San Antonio Ikastetxea Durango","description":"Berriak San Antonio Ikastetxea Durango.","robots":{"index":"index","follow":"follow","max-snippet":"max-snippet:-1","max-image-preview":"max-image-preview:large","max-video-preview":"max-video-preview:-1"},"canonical":"https:\/\/sanantonio.eus\/es\/noticias\/","og_locale":"es_ES","og_type":"article","og_title":"Berriak San Antonio Ikastetxea Durango","og_description":"Berriak San Antonio Ikastetxea Durango.","og_url":"https:\/\/sanantonio.eus\/es\/noticias\/","og_site_name":"San Antonio Ikastetxea","article_modified_time":"2026-03-19T09:34:38+00:00","twitter_card":"summary_large_image","twitter_misc":{"Tiempo de lectura":"1 minuto"},"schema":{"@context":"https:\/\/schema.org","@graph":[{"@type":"WebPage","@id":"https:\/\/sanantonio.eus\/es\/noticias\/","url":"https:\/\/sanantonio.eus\/es\/noticias\/","name":"Berriak San Antonio Ikastetxea Durango","isPartOf":{"@id":"https:\/\/sanantonio.eus\/#website"},"datePublished":"2026-03-18T09:46:46+00:00","dateModified":"2026-03-19T09:34:38+00:00","description":"Berriak San Antonio Ikastetxea Durango.","breadcrumb":{"@id":"https:\/\/sanantonio.eus\/es\/noticias\/#breadcrumb"},"inLanguage":"es","potentialAction":[{"@type":"ReadAction","target":["https:\/\/sanantonio.eus\/es\/noticias\/"]}]},{"@type":"BreadcrumbList","@id":"https:\/\/sanantonio.eus\/es\/noticias\/#breadcrumb","itemListElement":[{"@type":"ListItem","position":1,"name":"Portada","item":"https:\/\/sanantonio.eus\/es\/"},{"@type":"ListItem","position":2,"name":"Noticias"}]},{"@type":"WebSite","@id":"https:\/\/sanantonio.eus\/#website","url":"https:\/\/sanantonio.eus\/","name":"San Antonio Ikastetxea","description":"Ikastetxea Durango","publisher":{"@id":"https:\/\/sanantonio.eus\/#organization"},"potentialAction":[{"@type":"SearchAction","target":{"@type":"EntryPoint","urlTemplate":"https:\/\/sanantonio.eus\/?s={search_term_string}"},"query-input":{"@type":"PropertyValueSpecification","valueRequired":true,"valueName":"search_term_string"}}],"inLanguage":"es"},{"@type":"Organization","@id":"https:\/\/sanantonio.eus\/#organization","name":"San Antonio Ikastetxea","url":"https:\/\/sanantonio.eus\/","logo":{"@type":"ImageObject","inLanguage":"es","@id":"https:\/\/sanantonio.eus\/#\/schema\/logo\/image\/","url":"https:\/\/sanantonio.eus\/wp-content\/uploads\/2025\/11\/logo-san-antonio-b.png","contentUrl":"https:\/\/sanantonio.eus\/wp-content\/uploads\/2025\/11\/logo-san-antonio-b.png","width":300,"height":252,"caption":"San Antonio Ikastetxea"},"image":{"@id":"https:\/\/sanantonio.eus\/#\/schema\/logo\/image\/"}}]}},"_links":{"self":[{"href":"https:\/\/sanantonio.eus\/es\/wp-json\/wp\/v2\/pages\/2166","targetHints":{"allow":["GET"]}}],"collection":[{"href":"https:\/\/sanantonio.eus\/es\/wp-json\/wp\/v2\/pages"}],"about":[{"href":"https:\/\/sanantonio.eus\/es\/wp-json\/wp\/v2\/types\/page"}],"author":[{"embeddable":true,"href":"https:\/\/sanantonio.eus\/es\/wp-json\/wp\/v2\/users\/1"}],"replies":[{"embeddable":true,"href":"https:\/\/sanantonio.eus\/es\/wp-json\/wp\/v2\/comments?post=2166"}],"version-history":[{"count":3,"href":"https:\/\/sanantonio.eus\/es\/wp-json\/wp\/v2\/pages\/2166\/revisions"}],"predecessor-version":[{"id":2170,"href":"https:\/\/sanantonio.eus\/es\/wp-json\/wp\/v2\/pages\/2166\/revisions\/2170"}],"wp:attachment":[{"href":"https:\/\/sanantonio.eus\/es\/wp-json\/wp\/v2\/media?parent=2166"}],"curies":[{"name":"wp","href":"https:\/\/api.w.org\/{rel}","templated":true}]}}